{"id":129,"date":"2025-04-28T02:41:19","date_gmt":"2025-04-28T02:41:19","guid":{"rendered":"https:\/\/edcubafil.filateliadecuba.com\/?post_type=product&#038;p=129"},"modified":"2025-04-28T05:01:50","modified_gmt":"2025-04-28T05:01:50","slug":"catalogo-de-papel-sellado-de-colonias-espanolas-usado-en-cuba-1640-1898","status":"publish","type":"product","link":"https:\/\/edcubafil.filateliadecuba.com\/index.php\/producto\/catalogo-de-papel-sellado-de-colonias-espanolas-usado-en-cuba-1640-1898\/","title":{"rendered":"Cat\u00e1logo de papel sellado de colonias espa\u00f1olas usado en Cuba 1640-1898"},"content":{"rendered":"<p>[et_pb_section fb_built=\u00bb1&#8243; _builder_version=\u00bb4.16&#8243; custom_padding=\u00bb0px||||false|false\u00bb global_colors_info=\u00bb{}\u00bb][et_pb_row _builder_version=\u00bb4.16&#8243; background_size=\u00bbinitial\u00bb background_position=\u00bbtop_left\u00bb background_repeat=\u00bbrepeat\u00bb width=\u00bb100%\u00bb custom_padding=\u00bb0px||0px||false|false\u00bb global_colors_info=\u00bb{}\u00bb][et_pb_column type=\u00bb4_4&#8243; _builder_version=\u00bb4.16&#8243; custom_padding=\u00bb|||\u00bb global_colors_info=\u00bb{}\u00bb custom_padding__hover=\u00bb|||\u00bb][et_pb_wc_breadcrumb _builder_version=\u00bb4.16&#8243; global_colors_info=\u00bb{}\u00bb][\/et_pb_wc_breadcrumb][et_pb_wc_cart_notice _builder_version=\u00bb4.16&#8243; global_colors_info=\u00bb{}\u00bb][\/et_pb_wc_cart_notice][\/et_pb_column][\/et_pb_row][et_pb_row column_structure=\u00bb1_2,1_2&#8243; _builder_version=\u00bb4.16&#8243; background_size=\u00bbinitial\u00bb background_position=\u00bbtop_left\u00bb background_repeat=\u00bbrepeat\u00bb width=\u00bb100%\u00bb custom_padding=\u00bb0px||||false|false\u00bb global_colors_info=\u00bb{}\u00bb][et_pb_column type=\u00bb1_2&#8243; _builder_version=\u00bb4.16&#8243; custom_padding=\u00bb|||\u00bb global_colors_info=\u00bb{}\u00bb custom_padding__hover=\u00bb|||\u00bb][et_pb_wc_images _builder_version=\u00bb4.27.4&#8243; global_colors_info=\u00bb{}\u00bb][\/et_pb_wc_images][\/et_pb_column][et_pb_column type=\u00bb1_2&#8243; _builder_version=\u00bb4.16&#8243; custom_padding=\u00bb|||\u00bb global_colors_info=\u00bb{}\u00bb custom_padding__hover=\u00bb|||\u00bb][et_pb_wc_title _builder_version=\u00bb4.16&#8243; global_colors_info=\u00bb{}\u00bb][\/et_pb_wc_title][et_pb_wc_rating _builder_version=\u00bb4.16&#8243; global_colors_info=\u00bb{}\u00bb][\/et_pb_wc_rating][et_pb_wc_price _builder_version=\u00bb4.16&#8243; global_colors_info=\u00bb{}\u00bb][\/et_pb_wc_price][et_pb_wc_description _builder_version=\u00bb4.16&#8243; global_colors_info=\u00bb{}\u00bb][\/et_pb_wc_description][et_pb_wc_add_to_cart _builder_version=\u00bb4.16&#8243; global_colors_info=\u00bb{}\u00bb][\/et_pb_wc_add_to_cart][et_pb_wc_meta _builder_version=\u00bb4.16&#8243; global_colors_info=\u00bb{}\u00bb][\/et_pb_wc_meta][\/et_pb_column][\/et_pb_row][et_pb_row _builder_version=\u00bb4.16&#8243; background_size=\u00bbinitial\u00bb background_position=\u00bbtop_left\u00bb background_repeat=\u00bbrepeat\u00bb width=\u00bb100%\u00bb global_colors_info=\u00bb{}\u00bb][et_pb_column type=\u00bb4_4&#8243; _builder_version=\u00bb4.16&#8243; custom_padding=\u00bb|||\u00bb global_colors_info=\u00bb{}\u00bb custom_padding__hover=\u00bb|||\u00bb][et_pb_wc_tabs _builder_version=\u00bb4.16&#8243; global_colors_info=\u00bb{}\u00bb]\t\t\t\t\t[\/et_pb_wc_tabs][et_pb_wc_upsells _builder_version=\u00bb4.16&#8243; global_colors_info=\u00bb{}\u00bb][\/et_pb_wc_upsells][et_pb_wc_related_products _builder_version=\u00bb4.16&#8243; global_colors_info=\u00bb{}\u00bb][\/et_pb_wc_related_products][\/et_pb_column][\/et_pb_row][\/et_pb_section]<\/p>\n","protected":false},"excerpt":{"rendered":"","protected":false},"featured_media":130,"comment_status":"open","ping_status":"closed","template":"","meta":{"_et_pb_use_builder":"on","_et_pb_old_content":"Descubre la historia fiscal de la Cuba colonial como nunca antes.  Esta edici\u00f3n ampliada y cuidadosamente revisada presenta por primera vez una clasificaci\u00f3n completa y estructurada del papel sellado utilizado en la isla desde 1640 hasta el fin del dominio espa\u00f1ol en 1898.\r\n\r\nFormato: A4 a todo color. 325 pags. \r\nBilingue: ingles - castellano. \r\n\r\nCosto de env\u00edo variable dependiendo el lugar de destino.","_et_gb_content_width":""},"product_brand":[],"product_cat":[15],"product_tag":[],"class_list":{"0":"post-129","1":"product","2":"type-product","3":"status-publish","4":"has-post-thumbnail","6":"product_cat-catalogos","8":"first","9":"onbackorder","10":"shipping-taxable","11":"purchasable","12":"product-type-simple"},"yoast_head":"<!-- This site is optimized with the Yoast SEO plugin v24.9 - https:\/\/yoast.com\/wordpress\/plugins\/seo\/ -->\n<title>Cat\u00e1logo de papel sellado de colonias espa\u00f1olas usado en Cuba 1640-1898 - Cubafil Ediciones<\/title>\n<meta name=\"robots\" content=\"index, follow, max-snippet:-1, max-image-preview:large, max-video-preview:-1\" \/>\n<link rel=\"canonical\" href=\"https:\/\/edcubafil.filateliadecuba.com\/index.php\/producto\/catalogo-de-papel-sellado-de-colonias-espanolas-usado-en-cuba-1640-1898\/\" \/>\n<meta property=\"og:locale\" content=\"es_ES\" \/>\n<meta property=\"og:type\" content=\"article\" \/>\n<meta property=\"og:title\" content=\"Cat\u00e1logo de papel sellado de colonias espa\u00f1olas usado en Cuba 1640-1898 - Cubafil Ediciones\" \/>\n<meta property=\"og:url\" content=\"https:\/\/edcubafil.filateliadecuba.com\/index.php\/producto\/catalogo-de-papel-sellado-de-colonias-espanolas-usado-en-cuba-1640-1898\/\" \/>\n<meta property=\"og:site_name\" content=\"Cubafil Ediciones\" \/>\n<meta property=\"article:modified_time\" content=\"2025-04-28T05:01:50+00:00\" \/>\n<meta property=\"og:image\" content=\"https:\/\/edcubafil.filateliadecuba.com\/wp-content\/uploads\/2025\/04\/Portada-papel-sellado-683x1024.png\" \/>\n\t<meta property=\"og:image:width\" content=\"683\" \/>\n\t<meta property=\"og:image:height\" content=\"1024\" \/>\n\t<meta property=\"og:image:type\" content=\"image\/png\" \/>\n<meta name=\"twitter:card\" content=\"summary_large_image\" \/>\n<meta name=\"twitter:label1\" content=\"Tiempo de lectura\" \/>\n\t<meta name=\"twitter:data1\" content=\"1 minuto\" \/>\n<script type=\"application\/ld+json\" class=\"yoast-schema-graph\">{\"@context\":\"https:\/\/schema.org\",\"@graph\":[{\"@type\":\"WebPage\",\"@id\":\"https:\/\/edcubafil.filateliadecuba.com\/index.php\/producto\/catalogo-de-papel-sellado-de-colonias-espanolas-usado-en-cuba-1640-1898\/\",\"url\":\"https:\/\/edcubafil.filateliadecuba.com\/index.php\/producto\/catalogo-de-papel-sellado-de-colonias-espanolas-usado-en-cuba-1640-1898\/\",\"name\":\"Cat\u00e1logo de papel sellado de colonias espa\u00f1olas usado en Cuba 1640-1898 - Cubafil Ediciones\",\"isPartOf\":{\"@id\":\"https:\/\/edcubafil.filateliadecuba.com\/#website\"},\"primaryImageOfPage\":{\"@id\":\"https:\/\/edcubafil.filateliadecuba.com\/index.php\/producto\/catalogo-de-papel-sellado-de-colonias-espanolas-usado-en-cuba-1640-1898\/#primaryimage\"},\"image\":{\"@id\":\"https:\/\/edcubafil.filateliadecuba.com\/index.php\/producto\/catalogo-de-papel-sellado-de-colonias-espanolas-usado-en-cuba-1640-1898\/#primaryimage\"},\"thumbnailUrl\":\"https:\/\/edcubafil.filateliadecuba.com\/wp-content\/uploads\/2025\/04\/Portada-papel-sellado.png\",\"datePublished\":\"2025-04-28T02:41:19+00:00\",\"dateModified\":\"2025-04-28T05:01:50+00:00\",\"breadcrumb\":{\"@id\":\"https:\/\/edcubafil.filateliadecuba.com\/index.php\/producto\/catalogo-de-papel-sellado-de-colonias-espanolas-usado-en-cuba-1640-1898\/#breadcrumb\"},\"inLanguage\":\"es\",\"potentialAction\":[{\"@type\":\"ReadAction\",\"target\":[\"https:\/\/edcubafil.filateliadecuba.com\/index.php\/producto\/catalogo-de-papel-sellado-de-colonias-espanolas-usado-en-cuba-1640-1898\/\"]}]},{\"@type\":\"ImageObject\",\"inLanguage\":\"es\",\"@id\":\"https:\/\/edcubafil.filateliadecuba.com\/index.php\/producto\/catalogo-de-papel-sellado-de-colonias-espanolas-usado-en-cuba-1640-1898\/#primaryimage\",\"url\":\"https:\/\/edcubafil.filateliadecuba.com\/wp-content\/uploads\/2025\/04\/Portada-papel-sellado.png\",\"contentUrl\":\"https:\/\/edcubafil.filateliadecuba.com\/wp-content\/uploads\/2025\/04\/Portada-papel-sellado.png\",\"width\":1500,\"height\":2250},{\"@type\":\"BreadcrumbList\",\"@id\":\"https:\/\/edcubafil.filateliadecuba.com\/index.php\/producto\/catalogo-de-papel-sellado-de-colonias-espanolas-usado-en-cuba-1640-1898\/#breadcrumb\",\"itemListElement\":[{\"@type\":\"ListItem\",\"position\":1,\"name\":\"Portada\",\"item\":\"https:\/\/edcubafil.filateliadecuba.com\/\"},{\"@type\":\"ListItem\",\"position\":2,\"name\":\"Tienda\",\"item\":\"https:\/\/edcubafil.filateliadecuba.com\/index.php\/tienda\/\"},{\"@type\":\"ListItem\",\"position\":3,\"name\":\"Cat\u00e1logo de papel sellado de colonias espa\u00f1olas usado en Cuba 1640-1898\"}]},{\"@type\":\"WebSite\",\"@id\":\"https:\/\/edcubafil.filateliadecuba.com\/#website\",\"url\":\"https:\/\/edcubafil.filateliadecuba.com\/\",\"name\":\"Cubafil Ediciones\",\"description\":\"\",\"potentialAction\":[{\"@type\":\"SearchAction\",\"target\":{\"@type\":\"EntryPoint\",\"urlTemplate\":\"https:\/\/edcubafil.filateliadecuba.com\/?s={search_term_string}\"},\"query-input\":{\"@type\":\"PropertyValueSpecification\",\"valueRequired\":true,\"valueName\":\"search_term_string\"}}],\"inLanguage\":\"es\"}]}<\/script>\n<!-- \/ Yoast SEO plugin. -->","yoast_head_json":{"title":"Cat\u00e1logo de papel sellado de colonias espa\u00f1olas usado en Cuba 1640-1898 - Cubafil Ediciones","robots":{"index":"index","follow":"follow","max-snippet":"max-snippet:-1","max-image-preview":"max-image-preview:large","max-video-preview":"max-video-preview:-1"},"canonical":"https:\/\/edcubafil.filateliadecuba.com\/index.php\/producto\/catalogo-de-papel-sellado-de-colonias-espanolas-usado-en-cuba-1640-1898\/","og_locale":"es_ES","og_type":"article","og_title":"Cat\u00e1logo de papel sellado de colonias espa\u00f1olas usado en Cuba 1640-1898 - Cubafil Ediciones","og_url":"https:\/\/edcubafil.filateliadecuba.com\/index.php\/producto\/catalogo-de-papel-sellado-de-colonias-espanolas-usado-en-cuba-1640-1898\/","og_site_name":"Cubafil Ediciones","article_modified_time":"2025-04-28T05:01:50+00:00","og_image":[{"width":683,"height":1024,"url":"https:\/\/edcubafil.filateliadecuba.com\/wp-content\/uploads\/2025\/04\/Portada-papel-sellado-683x1024.png","type":"image\/png"}],"twitter_card":"summary_large_image","twitter_misc":{"Tiempo de lectura":"1 minuto"},"schema":{"@context":"https:\/\/schema.org","@graph":[{"@type":"WebPage","@id":"https:\/\/edcubafil.filateliadecuba.com\/index.php\/producto\/catalogo-de-papel-sellado-de-colonias-espanolas-usado-en-cuba-1640-1898\/","url":"https:\/\/edcubafil.filateliadecuba.com\/index.php\/producto\/catalogo-de-papel-sellado-de-colonias-espanolas-usado-en-cuba-1640-1898\/","name":"Cat\u00e1logo de papel sellado de colonias espa\u00f1olas usado en Cuba 1640-1898 - Cubafil Ediciones","isPartOf":{"@id":"https:\/\/edcubafil.filateliadecuba.com\/#website"},"primaryImageOfPage":{"@id":"https:\/\/edcubafil.filateliadecuba.com\/index.php\/producto\/catalogo-de-papel-sellado-de-colonias-espanolas-usado-en-cuba-1640-1898\/#primaryimage"},"image":{"@id":"https:\/\/edcubafil.filateliadecuba.com\/index.php\/producto\/catalogo-de-papel-sellado-de-colonias-espanolas-usado-en-cuba-1640-1898\/#primaryimage"},"thumbnailUrl":"https:\/\/edcubafil.filateliadecuba.com\/wp-content\/uploads\/2025\/04\/Portada-papel-sellado.png","datePublished":"2025-04-28T02:41:19+00:00","dateModified":"2025-04-28T05:01:50+00:00","breadcrumb":{"@id":"https:\/\/edcubafil.filateliadecuba.com\/index.php\/producto\/catalogo-de-papel-sellado-de-colonias-espanolas-usado-en-cuba-1640-1898\/#breadcrumb"},"inLanguage":"es","potentialAction":[{"@type":"ReadAction","target":["https:\/\/edcubafil.filateliadecuba.com\/index.php\/producto\/catalogo-de-papel-sellado-de-colonias-espanolas-usado-en-cuba-1640-1898\/"]}]},{"@type":"ImageObject","inLanguage":"es","@id":"https:\/\/edcubafil.filateliadecuba.com\/index.php\/producto\/catalogo-de-papel-sellado-de-colonias-espanolas-usado-en-cuba-1640-1898\/#primaryimage","url":"https:\/\/edcubafil.filateliadecuba.com\/wp-content\/uploads\/2025\/04\/Portada-papel-sellado.png","contentUrl":"https:\/\/edcubafil.filateliadecuba.com\/wp-content\/uploads\/2025\/04\/Portada-papel-sellado.png","width":1500,"height":2250},{"@type":"BreadcrumbList","@id":"https:\/\/edcubafil.filateliadecuba.com\/index.php\/producto\/catalogo-de-papel-sellado-de-colonias-espanolas-usado-en-cuba-1640-1898\/#breadcrumb","itemListElement":[{"@type":"ListItem","position":1,"name":"Portada","item":"https:\/\/edcubafil.filateliadecuba.com\/"},{"@type":"ListItem","position":2,"name":"Tienda","item":"https:\/\/edcubafil.filateliadecuba.com\/index.php\/tienda\/"},{"@type":"ListItem","position":3,"name":"Cat\u00e1logo de papel sellado de colonias espa\u00f1olas usado en Cuba 1640-1898"}]},{"@type":"WebSite","@id":"https:\/\/edcubafil.filateliadecuba.com\/#website","url":"https:\/\/edcubafil.filateliadecuba.com\/","name":"Cubafil Ediciones","description":"","potentialAction":[{"@type":"SearchAction","target":{"@type":"EntryPoint","urlTemplate":"https:\/\/edcubafil.filateliadecuba.com\/?s={search_term_string}"},"query-input":{"@type":"PropertyValueSpecification","valueRequired":true,"valueName":"search_term_string"}}],"inLanguage":"es"}]}},"_links":{"self":[{"href":"https:\/\/edcubafil.filateliadecuba.com\/index.php\/wp-json\/wp\/v2\/product\/129","targetHints":{"allow":["GET"]}}],"collection":[{"href":"https:\/\/edcubafil.filateliadecuba.com\/index.php\/wp-json\/wp\/v2\/product"}],"about":[{"href":"https:\/\/edcubafil.filateliadecuba.com\/index.php\/wp-json\/wp\/v2\/types\/product"}],"replies":[{"embeddable":true,"href":"https:\/\/edcubafil.filateliadecuba.com\/index.php\/wp-json\/wp\/v2\/comments?post=129"}],"wp:featuredmedia":[{"embeddable":true,"href":"https:\/\/edcubafil.filateliadecuba.com\/index.php\/wp-json\/wp\/v2\/media\/130"}],"wp:attachment":[{"href":"https:\/\/edcubafil.filateliadecuba.com\/index.php\/wp-json\/wp\/v2\/media?parent=129"}],"wp:term":[{"taxonomy":"product_brand","embeddable":true,"href":"https:\/\/edcubafil.filateliadecuba.com\/index.php\/wp-json\/wp\/v2\/product_brand?post=129"},{"taxonomy":"product_cat","embeddable":true,"href":"https:\/\/edcubafil.filateliadecuba.com\/index.php\/wp-json\/wp\/v2\/product_cat?post=129"},{"taxonomy":"product_tag","embeddable":true,"href":"https:\/\/edcubafil.filateliadecuba.com\/index.php\/wp-json\/wp\/v2\/product_tag?post=129"}],"curies":[{"name":"wp","href":"https:\/\/api.w.org\/{rel}","templated":true}]}}